{"id":15710,"date":"2023-06-26T14:45:26","date_gmt":"2023-06-26T14:45:26","guid":{"rendered":"https:\/\/pride.gm-bolivia.com\/?page_id=15710"},"modified":"2023-07-11T13:34:32","modified_gmt":"2023-07-11T13:34:32","slug":"marca-v","status":"publish","type":"page","link":"https:\/\/pride.com.bo\/index.php\/marca-v\/","title":{"rendered":"Nosotros"},"content":{"rendered":"<div id=\"cmsmasters_row_kcz48kcdf\" class=\"cmsmasters_row cmsmasters_color_scheme_default cmsmasters_row_top_default cmsmasters_row_bot_default cmsmasters_row_boxed\">\n<div class=\"cmsmasters_row_outer_parent\">\n<div class=\"cmsmasters_row_outer\">\n<div class=\"cmsmasters_row_inner\">\n<div class=\"cmsmasters_row_margin\">\n<div id=\"cmsmasters_column_94wtp1mf74\" class=\"cmsmasters_column one_first\">\n<div class=\"cmsmasters_column_inner\"><div id=\"cmsmasters_heading_c2f94sbbbk\" class=\"cmsmasters_heading_wrap cmsmasters_heading_align_center\">\n\t<h2 class=\"cmsmasters_heading\">PRIDE<\/h2>\n<\/div><div id=\"cmsmasters_gallery_8kojoor8im\" class=\"cmsmasters_gallery_wrap\" data-type=\"grid\" data-count=\"3\" data-animation=\"fadeIn\" data-delay=\"0\"><ul class=\"cmsmasters_gallery cmsmasters_3 cmsmasters_more_items_loader\"><li class=\"cmsmasters_gallery_item\"><figure><a href=\"https:\/\/pride.com.bo\/wp-content\/uploads\/2023\/07\/1024x1024-02.jpg\" rel=\"ilightbox[8kojoor8im]\"><img width=\"300\" height=\"295\" src=\"https:\/\/pride.com.bo\/wp-content\/uploads\/2023\/07\/1024x1024-02-300x295.jpg\" class=\"attachment-medium size-medium\" alt=\"\" decoding=\"async\" loading=\"lazy\" srcset=\"https:\/\/pride.com.bo\/wp-content\/uploads\/2023\/07\/1024x1024-02-300x295.jpg 300w, https:\/\/pride.com.bo\/wp-content\/uploads\/2023\/07\/1024x1024-02-75x75.jpg 75w, https:\/\/pride.com.bo\/wp-content\/uploads\/2023\/07\/1024x1024-02-580x570.jpg 580w, https:\/\/pride.com.bo\/wp-content\/uploads\/2023\/07\/1024x1024-02.jpg 593w\" sizes=\"(max-width: 300px) 100vw, 300px\" \/><\/a><\/figure><\/li><li class=\"cmsmasters_gallery_item\"><figure><a href=\"https:\/\/pride.com.bo\/wp-content\/uploads\/2023\/07\/1024x1024-03.jpg\" rel=\"ilightbox[8kojoor8im]\"><img width=\"300\" height=\"275\" src=\"https:\/\/pride.com.bo\/wp-content\/uploads\/2023\/07\/1024x1024-03-300x275.jpg\" class=\"attachment-medium size-medium\" alt=\"\" decoding=\"async\" loading=\"lazy\" srcset=\"https:\/\/pride.com.bo\/wp-content\/uploads\/2023\/07\/1024x1024-03-300x275.jpg 300w, https:\/\/pride.com.bo\/wp-content\/uploads\/2023\/07\/1024x1024-03-580x531.jpg 580w, https:\/\/pride.com.bo\/wp-content\/uploads\/2023\/07\/1024x1024-03-600x549.jpg 600w, https:\/\/pride.com.bo\/wp-content\/uploads\/2023\/07\/1024x1024-03.jpg 613w\" sizes=\"(max-width: 300px) 100vw, 300px\" \/><\/a><\/figure><\/li><li class=\"cmsmasters_gallery_item\"><figure><a href=\"https:\/\/pride.com.bo\/wp-content\/uploads\/2023\/07\/1024x1024-01.jpg\" rel=\"ilightbox[8kojoor8im]\"><img width=\"274\" height=\"300\" src=\"https:\/\/pride.com.bo\/wp-content\/uploads\/2023\/07\/1024x1024-01-274x300.jpg\" class=\"attachment-medium size-medium\" alt=\"\" decoding=\"async\" loading=\"lazy\" srcset=\"https:\/\/pride.com.bo\/wp-content\/uploads\/2023\/07\/1024x1024-01-274x300.jpg 274w, https:\/\/pride.com.bo\/wp-content\/uploads\/2023\/07\/1024x1024-01.jpg 512w\" sizes=\"(max-width: 274px) 100vw, 274px\" \/><\/a><\/figure><\/li><\/ul><\/div><div class=\"cmsmasters_text\">\n<h3 style=\"text-align: center;\">Marca presente en el mercado Boliviano desde el a\u00f1o 2000, con productos de calidad fabricados bajo est\u00e1ndares norteamericanos. Fabricada mediante alianzas estrat\u00e9gicas con proveedores de primer nivel en todo el mundo. Productos dise\u00f1ados para las necesidades del publico Bolivianos, al mejor precio posible. La innovaci\u00f3n y tecnolog\u00eda de las fabricas de productos PRIDE aseguran que nuestros productos son de clase mundial.<\/h3>\n<\/div>\n<\/div><\/div>\n<div id=\"cmsmasters_column_lp8g5o0lgr\" class=\"cmsmasters_column one_first\">\n<div class=\"cmsmasters_column_inner\"><\/div><\/div>\n<\/div>\n<\/div>\n<\/div>\n<\/div>\n<\/div>\n\n","protected":false},"excerpt":{"rendered":"","protected":false},"author":2,"featured_media":0,"parent":0,"menu_order":0,"comment_status":"closed","ping_status":"closed","template":"","meta":[],"_links":{"self":[{"href":"https:\/\/pride.com.bo\/index.php\/wp-json\/wp\/v2\/pages\/15710"}],"collection":[{"href":"https:\/\/pride.com.bo\/index.php\/wp-json\/wp\/v2\/pages"}],"about":[{"href":"https:\/\/pride.com.bo\/index.php\/wp-json\/wp\/v2\/types\/page"}],"author":[{"embeddable":true,"href":"https:\/\/pride.com.bo\/index.php\/wp-json\/wp\/v2\/users\/2"}],"replies":[{"embeddable":true,"href":"https:\/\/pride.com.bo\/index.php\/wp-json\/wp\/v2\/comments?post=15710"}],"version-history":[{"count":7,"href":"https:\/\/pride.com.bo\/index.php\/wp-json\/wp\/v2\/pages\/15710\/revisions"}],"predecessor-version":[{"id":15819,"href":"https:\/\/pride.com.bo\/index.php\/wp-json\/wp\/v2\/pages\/15710\/revisions\/15819"}],"wp:attachment":[{"href":"https:\/\/pride.com.bo\/index.php\/wp-json\/wp\/v2\/media?parent=15710"}],"curies":[{"name":"wp","href":"https:\/\/api.w.org\/{rel}","templated":true}]}}