{"id":15608,"date":"2023-06-23T13:49:57","date_gmt":"2023-06-23T13:49:57","guid":{"rendered":"https:\/\/pride.gm-bolivia.com\/?post_type=product&#038;p=15608"},"modified":"2024-12-16T11:06:08","modified_gmt":"2024-12-16T11:06:08","slug":"split-24000-btu-pride-inverter-2","status":"publish","type":"product","link":"https:\/\/pride.com.bo\/index.php\/product\/split-24000-btu-pride-inverter-2\/","title":{"rendered":"SPLIT 24000 BTU PRIDE INVERTER"},"content":{"rendered":"<p>Tipo bomba de calor<br \/>\nTipo de control remoto<br \/>\nCapacidad nominal de refrigeraci\u00f3n Btu\/h 18000(4095~19500)<br \/>\nCapacidad de calefacci\u00f3n nominal Btu\/h 18000(4095~19500)<br \/>\nEER para refrigeraci\u00f3n W\/W 2.82<br \/>\nCOP para calefacci\u00f3n W\/W 3.07<br \/>\nEliminaci\u00f3n de humedad Litros\/h 1,8<br \/>\nPresi\u00f3n Alta (DP) MPa 4.5<br \/>\nBajo (SP) MPa 1.9<br \/>\nNivel de ruido interior en refrigeraci\u00f3n Alto dB(A) 43<br \/>\nMedicina. dB(A) 38<br \/>\nBajo dB(A) 33<br \/>\nNivel de ruido exterior dB(A) 52<br \/>\n<strong>Datos el\u00e9ctricos<\/strong><br \/>\nAlimentaci\u00f3n 208-230V\/50Hz\/1P<br \/>\nRango de voltaje V 165-265<br \/>\nCorriente nominal Refrigeraci\u00f3n A 8.9(1.4~12.0)<br \/>\nCalentamiento A 8.1 (1.4~12.0)<br \/>\nEntrada nominal Refrigeraci\u00f3n W 1870 (300~2500)<br \/>\nCalefacci\u00f3n W 1720(300~2500)<br \/>\nRefrigeraci\u00f3n de corriente m\u00e1xima A 12.0<br \/>\nCalefacci\u00f3n A 12.0<br \/>\nEntrada de potencia m\u00e1xima Refrigeraci\u00f3n W 2500<br \/>\nCalefacci\u00f3n W 2500<br \/>\n<strong>Sistema de refrigeraci\u00f3n<\/strong><br \/>\nRefrigerante R410A\/1060g<br \/>\nTipo de compresor rotativo<br \/>\nModelo KSK103D33UEZC3<br \/>\nMFG GMCC<br \/>\nEvaporador<br \/>\nCondensador<br \/>\nSistema de ventilador<br \/>\nCirculaci\u00f3n de aire interior (refrigeraci\u00f3n) m3\/h 950<br \/>\nTipo de ventilador interior Flujo cruzado<br \/>\nVelocidad del ventilador interior H\/M\/L Refrigeraci\u00f3n rpm 1350\/1250\/\/1050\/850\/750<br \/>\nCalefacci\u00f3n rpm 1350\/1250\/\/1050\/850\/750<br \/>\nSeco rpm 1350<br \/>\nDormir rpm 850<br \/>\nMotor de ventilador interior 22001-000409<br \/>\nPotencia motor ventilador interior W 25<br \/>\nVentilador exterior tipo H\u00e9lice<br \/>\nMotor de ventilador exterior 22001-000551<br \/>\nVelocidad del ventilador exterior rpm 1000<br \/>\nPotencia motor ventilador exterior W 33<br \/>\nConexiones<br \/>\nTuber\u00eda de conexi\u00f3n Gas Pulgadas (3\/8\u201d)<br \/>\nL\u00edquido Pulgadas \u03a66(1\/4\u201d)<br \/>\nTama\u00f1o del cableado de conexi\u00f3n x N\u00famero de n\u00facleo 4\u00d71.0<br \/>\nTubo de drenaje OD 16 mm<br \/>\n<strong>Otros<\/strong><br \/>\n\u00c1rea adecuada m2 20~35<br \/>\nDimensiones netas (An. x Pr. x Al.) Interior mm 910*294*206<br \/>\nExterior mm 853*349*602<br \/>\nPeso neto Interior kg 10<br \/>\nExterior kg 28<br \/>\nDimensiones del embalaje (An. x Pr. x Al.) Interior mm 979x372x277<br \/>\nExterior mm 890x385x628<br \/>\nPeso bruto con tubo Interior kg 13<br \/>\nExterior kg 32<br \/>\nCapacidad de carga 40HQ con tuber\u00eda PCS 212<\/p>\n","protected":false},"excerpt":{"rendered":"<p><strong>C\u00d3DIGO DE F\u00c1BRICA: AC-24RHBSE-INV<\/strong><\/p>\n","protected":false},"featured_media":15609,"comment_status":"open","ping_status":"closed","template":"","meta":[],"product_cat":[87,90],"product_tag":[],"_links":{"self":[{"href":"https:\/\/pride.com.bo\/index.php\/wp-json\/wp\/v2\/product\/15608"}],"collection":[{"href":"https:\/\/pride.com.bo\/index.php\/wp-json\/wp\/v2\/product"}],"about":[{"href":"https:\/\/pride.com.bo\/index.php\/wp-json\/wp\/v2\/types\/product"}],"replies":[{"embeddable":true,"href":"https:\/\/pride.com.bo\/index.php\/wp-json\/wp\/v2\/comments?post=15608"}],"wp:featuredmedia":[{"embeddable":true,"href":"https:\/\/pride.com.bo\/index.php\/wp-json\/wp\/v2\/media\/15609"}],"wp:attachment":[{"href":"https:\/\/pride.com.bo\/index.php\/wp-json\/wp\/v2\/media?parent=15608"}],"wp:term":[{"taxonomy":"product_cat","embeddable":true,"href":"https:\/\/pride.com.bo\/index.php\/wp-json\/wp\/v2\/product_cat?post=15608"},{"taxonomy":"product_tag","embeddable":true,"href":"https:\/\/pride.com.bo\/index.php\/wp-json\/wp\/v2\/product_tag?post=15608"}],"curies":[{"name":"wp","href":"https:\/\/api.w.org\/{rel}","templated":true}]}}