{"id":15613,"date":"2023-06-23T01:14:41","date_gmt":"2023-06-23T01:14:41","guid":{"rendered":"https:\/\/pride.gm-bolivia.com\/?post_type=product&#038;p=15613"},"modified":"2025-01-18T08:14:42","modified_gmt":"2025-01-18T08:14:42","slug":"split-24000-btu-pride-inverter","status":"publish","type":"product","link":"https:\/\/pride.com.bo\/index.php\/product\/split-24000-btu-pride-inverter\/","title":{"rendered":"SPLIT 12000 BTU PRIDE INVERTER"},"content":{"rendered":"<p>Tipo bomba de calor<br \/>\nTipo de control remoto<br \/>\nCapacidad nominal de refrigeraci\u00f3n Btu\/h 12000(3410~13000)<br \/>\nCapacidad de calefacci\u00f3n nominal Btu\/h 12500(3480~13500)<br \/>\nEER para refrigeraci\u00f3n W\/W 3,25<br \/>\nCOP para calefacci\u00f3n W\/W 3,61<br \/>\nEliminaci\u00f3n de humedad Litros\/h 1,2<br \/>\nPresi\u00f3n Alta (DP) MPa 4.5<br \/>\nBajo (SP) MPa 1.9<br \/>\nNivel de ruido interior en refrigeraci\u00f3n Alto dB(A) 39<br \/>\nMedicina. dB(A) 32<br \/>\nBajo dB(A) 27<br \/>\nNivel de ruido exterior dB(A) 49<br \/>\nDatos el\u00e9ctricos<br \/>\nAlimentaci\u00f3n 220-240V\/50Hz\/1P<br \/>\nRango de voltaje V 165-265<br \/>\nCorriente nominal Refrigeraci\u00f3n A 5.2(1.4~9.0)<br \/>\nCalentamiento A 4.7 (1.4~9.0)<br \/>\nEntrada nominal Refrigeraci\u00f3n W 1082 (300~1980)<br \/>\nCalefacci\u00f3n W 1013(300~1980)<br \/>\nRefrigeraci\u00f3n de corriente m\u00e1xima A 9.0<br \/>\nCalefacci\u00f3n A 9.0<br \/>\nEntrada de potencia m\u00e1xima Refrigeraci\u00f3n W 1980<br \/>\nCalefacci\u00f3n W 1980<br \/>\n<strong>Sistema de refrigeraci\u00f3n<\/strong><br \/>\nRefrigerante R410A\/570g<br \/>\nTipo de compresor rotativo<br \/>\nModelo KSK103D33UEZC3<br \/>\nMFG GMCC<br \/>\nEvaporador<br \/>\nCondensador<br \/>\nSistema de ventilador<br \/>\nCirculaci\u00f3n de aire interior (refrigeraci\u00f3n) m3\/h 500\/550<br \/>\nTipo de ventilador interior Flujo cruzado<br \/>\nVelocidad del ventilador interior H\/M\/L Refrigeraci\u00f3n rpm 1270\/1200\/\/1000\/800\/700<br \/>\nCalefacci\u00f3n rpm 1270\/1200\/1000\/850\/800<br \/>\nSeco rpm 1270<br \/>\nDormir rpm 800\/850<br \/>\nMotor de ventilador interior 22001-000273<br \/>\nPotencia motor ventilador interior W 14<br \/>\nVentilador exterior tipo H\u00e9lice<br \/>\nMotor de ventilador exterior 22001-000552<br \/>\nVelocidad del ventilador exterior rpm 895<br \/>\nPotencia motor ventilador exterior W 25<br \/>\n<strong>Conexiones<\/strong><br \/>\nTuber\u00eda de conexi\u00f3n Gas Pulgadas \u03a69.52(3\/8\u201d)<br \/>\nL\u00edquido Pulgadas \u03a66(1\/4\u201d)<br \/>\nTama\u00f1o del cableado de conexi\u00f3n x N\u00famero de n\u00facleo 4\u00d71.0<br \/>\nTubo de drenaje OD 16 mm<br \/>\n<strong>Otros<\/strong><br \/>\n\u00c1rea adecuada m2 15~23<br \/>\nDimensiones netas (An. x Pr. x Al.) Interior mm 777\u00d7250\u00d7201<br \/>\nExterior mm 712\u00d7276\u00d7459<br \/>\nPeso neto Interior kg 7,5<br \/>\nExterior kg 21<br \/>\nDimensiones del embalaje (An. x Pr. x Al.) Interior mm 850\u00d7320\u00d7275<br \/>\nExterior mm 765\u00d7310\u00d7481<br \/>\nPeso bruto con tubo Interior kg 9,5<br \/>\nExterior kg 24<br \/>\nCapacidad de carga 40HQ con tuber\u00eda PCS 350<\/p>\n","protected":false},"excerpt":{"rendered":"<p><strong>C\u00d3DIGO DE F\u00c1BRICA: AC-12RHBSE-INV<\/strong><\/p>\n","protected":false},"featured_media":15609,"comment_status":"open","ping_status":"closed","template":"","meta":[],"product_cat":[87,90],"product_tag":[],"_links":{"self":[{"href":"https:\/\/pride.com.bo\/index.php\/wp-json\/wp\/v2\/product\/15613"}],"collection":[{"href":"https:\/\/pride.com.bo\/index.php\/wp-json\/wp\/v2\/product"}],"about":[{"href":"https:\/\/pride.com.bo\/index.php\/wp-json\/wp\/v2\/types\/product"}],"replies":[{"embeddable":true,"href":"https:\/\/pride.com.bo\/index.php\/wp-json\/wp\/v2\/comments?post=15613"}],"wp:featuredmedia":[{"embeddable":true,"href":"https:\/\/pride.com.bo\/index.php\/wp-json\/wp\/v2\/media\/15609"}],"wp:attachment":[{"href":"https:\/\/pride.com.bo\/index.php\/wp-json\/wp\/v2\/media?parent=15613"}],"wp:term":[{"taxonomy":"product_cat","embeddable":true,"href":"https:\/\/pride.com.bo\/index.php\/wp-json\/wp\/v2\/product_cat?post=15613"},{"taxonomy":"product_tag","embeddable":true,"href":"https:\/\/pride.com.bo\/index.php\/wp-json\/wp\/v2\/product_tag?post=15613"}],"curies":[{"name":"wp","href":"https:\/\/api.w.org\/{rel}","templated":true}]}}