{"id":15629,"date":"2023-06-23T13:50:35","date_gmt":"2023-06-23T13:50:35","guid":{"rendered":"https:\/\/pride.gm-bolivia.com\/?post_type=product&#038;p=15629"},"modified":"2024-12-16T11:05:13","modified_gmt":"2024-12-16T11:05:13","slug":"split-18000-btu-pride-inverter","status":"publish","type":"product","link":"https:\/\/pride.com.bo\/index.php\/product\/split-18000-btu-pride-inverter\/","title":{"rendered":"SPLIT 18000 BTU PRIDE INVERTER"},"content":{"rendered":"<p>Tipo bomba de calor<br \/>\nTipo de control remoto<br \/>\nCapacidad nominal de refrigeraci\u00f3n Btu\/h 24000(5120~24900)<br \/>\nCapacidad de calefacci\u00f3n nominal Btu\/h 24000(5120~24900)<br \/>\nEER para refrigeraci\u00f3n W\/W 2.81<br \/>\nCOP para calefacci\u00f3n W\/W 2.81<br \/>\nEliminaci\u00f3n de humedad Litros\/h 2.5<br \/>\nPresi\u00f3n Alta (DP) MPa 4.5<br \/>\nBajo (SP) MPa 1.9<br \/>\nNivel de ruido interior en refrigeraci\u00f3n Alto dB(A) 49<br \/>\nMedicina. dB(A) 45<br \/>\nBajo dB(A) 41<br \/>\nNivel de ruido exterior dB(A) 55<br \/>\n<strong>Datos el\u00e9ctricos<\/strong><br \/>\nAlimentaci\u00f3n 208-230V\/50Hz\/1P<br \/>\nRango de voltaje V 165-265<br \/>\nCorriente nominal Refrigeraci\u00f3n A 11.8(1.5~13.5)<br \/>\nCalentamiento A 11.8(1.5~13.0)<br \/>\nEntrada nominal Refrigeraci\u00f3n W 2500(350~2800)<br \/>\nCalefacci\u00f3n W 2500(350~2700)<br \/>\nRefrigeraci\u00f3n de corriente m\u00e1xima A 13,5<br \/>\nCalefacci\u00f3n A 13,0<br \/>\nEntrada de potencia m\u00e1xima Refrigeraci\u00f3n W 2800<br \/>\nCalefacci\u00f3n W 2700<br \/>\n<strong>Sistema de refrigeraci\u00f3n<\/strong><br \/>\nRefrigerante R410A\/1370g<br \/>\nTipo de compresor rotativo<br \/>\nModeloC-6RZ146H3DBF<br \/>\nMFG SANYO<br \/>\nEvaporador<br \/>\nCondensador<br \/>\nSistema de ventilador<br \/>\nCirculaci\u00f3n de aire interior (refrigeraci\u00f3n) m3\/h 1300<br \/>\nTipo de ventilador interior Flujo cruzado<br \/>\nVelocidad del ventilador interior H\/M\/L Refrigeraci\u00f3n rpm 1270\/1200\/\/1000\/850\/700<br \/>\nCalefacci\u00f3n rpm 1270\/1200\/\/1000\/850\/700<br \/>\nSeco rpm 1270<br \/>\nDormir rpm 850<br \/>\nMotor de ventilador interior 22001-000240<br \/>\nPotencia motor ventilador interior W45<br \/>\nVentilador exterior tipo H\u00e9lice<br \/>\nMotor de ventilador exterior 22001-000551<br \/>\nVelocidad del ventilador exterior rpm 1000<br \/>\nPotencia motor ventilador exterior W 33<br \/>\nConexiones<br \/>\nTuber\u00eda de conexi\u00f3n Gas Pulgadas (1\/2\u00b4\u00b4)<br \/>\nL\u00edquido Pulgadas (1\/4\u201d)<br \/>\nTama\u00f1o del cableado de conexi\u00f3n x N\u00famero de n\u00facleo 4\u00d71.0<br \/>\nTubo de drenaje OD 16 mm<br \/>\n<strong>Otros<\/strong><br \/>\n\u00c1rea adecuada m2 30~50<br \/>\nDimensiones netas (An. x Pr. x Al.) Interior mm 1010x315x220<br \/>\nExterior mm 853\u00d7349\u00d7602<br \/>\nPeso neto Interior kg 13<br \/>\nExterior kg 32<br \/>\nDimensiones del embalaje (An. x Pr. x Al.) Interior mm 1096\u00d7390\u00d7297<br \/>\nExterior mm 890\u00d7385\u00d7628<br \/>\nPeso bruto con tubo Interior kg 16<br \/>\nExterior kg 37<br \/>\nCapacidad de carga 40HQ con tuber\u00eda PCS 196<\/p>\n","protected":false},"excerpt":{"rendered":"<p><strong>C\u00d3DIGO DE F\u00c1BRICA: AC-18RHBSE-INV<\/strong><\/p>\n","protected":false},"featured_media":15609,"comment_status":"open","ping_status":"closed","template":"","meta":[],"product_cat":[87,90],"product_tag":[],"_links":{"self":[{"href":"https:\/\/pride.com.bo\/index.php\/wp-json\/wp\/v2\/product\/15629"}],"collection":[{"href":"https:\/\/pride.com.bo\/index.php\/wp-json\/wp\/v2\/product"}],"about":[{"href":"https:\/\/pride.com.bo\/index.php\/wp-json\/wp\/v2\/types\/product"}],"replies":[{"embeddable":true,"href":"https:\/\/pride.com.bo\/index.php\/wp-json\/wp\/v2\/comments?post=15629"}],"wp:featuredmedia":[{"embeddable":true,"href":"https:\/\/pride.com.bo\/index.php\/wp-json\/wp\/v2\/media\/15609"}],"wp:attachment":[{"href":"https:\/\/pride.com.bo\/index.php\/wp-json\/wp\/v2\/media?parent=15629"}],"wp:term":[{"taxonomy":"product_cat","embeddable":true,"href":"https:\/\/pride.com.bo\/index.php\/wp-json\/wp\/v2\/product_cat?post=15629"},{"taxonomy":"product_tag","embeddable":true,"href":"https:\/\/pride.com.bo\/index.php\/wp-json\/wp\/v2\/product_tag?post=15629"}],"curies":[{"name":"wp","href":"https:\/\/api.w.org\/{rel}","templated":true}]}}