{"id":15643,"date":"2023-06-23T20:02:36","date_gmt":"2023-06-23T20:02:36","guid":{"rendered":"https:\/\/pride.gm-bolivia.com\/?post_type=product&#038;p=15643"},"modified":"2026-02-10T16:29:49","modified_gmt":"2026-02-10T16:29:49","slug":"refrigerador-pride-modelo-hd-341fn","status":"publish","type":"product","link":"https:\/\/pride.com.bo\/index.php\/product\/refrigerador-pride-modelo-hd-341fn\/","title":{"rendered":"REFRIGERADOR PRIDE 302LTRS GRIS &#8211; MD-393F"},"content":{"rendered":"<p>REFRIGERADOR PRIDE 302LTRS GRIS &#8211; MD-393F<br \/>\nClase de energ\u00eda A<br \/>\nVolumen neto 302 litros<br \/>\nDimensiones: 55cm ancho, 58cm profundo, 165cm alto<br \/>\nControl mec\u00e1nico<br \/>\nLuz interior<br \/>\nCaj\u00f3n de frutas y vegetales<br \/>\nSoporte para botellas<br \/>\nPuerta reversible<br \/>\nFr\u00edo h\u00famedo<br \/>\nGas refrigerante R600a, 46grs<br \/>\nConsumo 110W<\/p>\n","protected":false},"excerpt":{"rendered":"<p>REFRIGERADOR PRIDE 302LTRS GRIS &#8211; MD-393F Clase de energ\u00eda A Volumen neto 302 litros Dimensiones: 55cm ancho, 58cm profundo, 165cm alto Control mec\u00e1nico Luz interior Caj\u00f3n de frutas y vegetales Soporte para botellas Puerta reversible Fr\u00edo h\u00famedo Gas refrigerante R600a, 46grs Consumo 110W<\/p>\n","protected":false},"featured_media":15645,"comment_status":"open","ping_status":"closed","template":"","meta":[],"product_cat":[88,93],"product_tag":[],"_links":{"self":[{"href":"https:\/\/pride.com.bo\/index.php\/wp-json\/wp\/v2\/product\/15643"}],"collection":[{"href":"https:\/\/pride.com.bo\/index.php\/wp-json\/wp\/v2\/product"}],"about":[{"href":"https:\/\/pride.com.bo\/index.php\/wp-json\/wp\/v2\/types\/product"}],"replies":[{"embeddable":true,"href":"https:\/\/pride.com.bo\/index.php\/wp-json\/wp\/v2\/comments?post=15643"}],"wp:featuredmedia":[{"embeddable":true,"href":"https:\/\/pride.com.bo\/index.php\/wp-json\/wp\/v2\/media\/15645"}],"wp:attachment":[{"href":"https:\/\/pride.com.bo\/index.php\/wp-json\/wp\/v2\/media?parent=15643"}],"wp:term":[{"taxonomy":"product_cat","embeddable":true,"href":"https:\/\/pride.com.bo\/index.php\/wp-json\/wp\/v2\/product_cat?post=15643"},{"taxonomy":"product_tag","embeddable":true,"href":"https:\/\/pride.com.bo\/index.php\/wp-json\/wp\/v2\/product_tag?post=15643"}],"curies":[{"name":"wp","href":"https:\/\/api.w.org\/{rel}","templated":true}]}}